{"id":6836,"date":"2021-04-15T17:10:55","date_gmt":"2021-04-15T15:10:55","guid":{"rendered":"https:\/\/partner-zastita.hr\/angebot-anfragen\/"},"modified":"2021-04-19T17:33:29","modified_gmt":"2021-04-19T15:33:29","slug":"angebot-anfragen","status":"publish","type":"page","link":"https:\/\/partner-zastita.hr\/de\/angebot-anfragen\/","title":{"rendered":"Angebot anfragen"},"content":{"rendered":"\t\t<div data-elementor-type=\"wp-page\" data-elementor-id=\"6836\" class=\"elementor elementor-6836 elementor-5354\">\n\t\t\t\t\r\n        <section class=\"elementor-section elementor-top-section elementor-element elementor-element-67f8f32 elementor-section-boxed elementor-section-height-default elementor-section-height-default ct-header-fixed-none ct-row-max-none\" data-id=\"67f8f32\" data-element_type=\"section\" data-e-type=\"section\">\n            \n                        <div class=\"elementor-container elementor-column-gap-default \">\n                    <div class=\"elementor-column elementor-col-100 elementor-top-column elementor-element elementor-element-2d8b2c5\" data-id=\"2d8b2c5\" data-element_type=\"column\" data-e-type=\"column\">\n        <div class=\"elementor-widget-wrap elementor-element-populated\">\n                    \n                <section class=\"elementor-section elementor-inner-section elementor-element elementor-element-e7a7495 elementor-section-boxed elementor-section-height-default elementor-section-height-default ct-header-fixed-none ct-row-max-none\" data-id=\"e7a7495\" data-element_type=\"section\" data-e-type=\"section\">\n            \n                        <div class=\"elementor-container elementor-column-gap-default \">\n                    <div class=\"elementor-column elementor-col-33 elementor-inner-column elementor-element elementor-element-987cb2a\" data-id=\"987cb2a\" data-element_type=\"column\" data-e-type=\"column\">\n        <div class=\"elementor-widget-wrap\">\n                    \n                    <\/div>\n        <\/div>\n                <div class=\"elementor-column elementor-col-33 elementor-inner-column elementor-element elementor-element-1a281ec\" data-id=\"1a281ec\" data-element_type=\"column\" data-e-type=\"column\">\n        <div class=\"elementor-widget-wrap elementor-element-populated\">\n                    \n        \t\t<div class=\"elementor-element elementor-element-85ca960 line-sub-preset2 elementor-widget elementor-widget-ct_heading\" data-id=\"85ca960\" data-element_type=\"widget\" data-e-type=\"widget\" data-widget_type=\"ct_heading.default\">\n\t\t\t\t<div class=\"elementor-widget-container\">\n\t\t\t\t\t<div id=\"ct_heading-85ca960\" class=\"ct-heading h-align-center sub-style1 ct-heading-left item-st-default\">\r\n    <div class=\"ct-item--inner\">\r\n        <div class=\"ct-inline-css\" data-css=\"\r\n            \">\r\n        <\/div>\r\n                <h5 class=\"item--title st-default wow wow fadeIn\" data-wow-delay=\"ms\">\r\n                        <span class=\"sp-main\">\r\n                \r\n                Bitte Kontaktformular ausf\u00fcllen \u2013 wir melden uns m\u00f6glichst schnell zur\u00fcck.\n\r\n                \r\n                            <\/span>\r\n                    <\/h5>\r\n    <\/div>\r\n<\/div>\t\t\t\t<\/div>\n\t\t\t\t<\/div>\n\t\t            <\/div>\n        <\/div>\n                <div class=\"elementor-column elementor-col-33 elementor-inner-column elementor-element elementor-element-35f3b15\" data-id=\"35f3b15\" data-element_type=\"column\" data-e-type=\"column\">\n        <div class=\"elementor-widget-wrap\">\n                    \n                    <\/div>\n        <\/div>\n                    <\/div>\n        <\/section>\n        \t\t<div class=\"elementor-element elementor-element-dd8896d elementor-widget elementor-widget-ct_ctf7\" data-id=\"dd8896d\" data-element_type=\"widget\" data-e-type=\"widget\" data-widget_type=\"ct_ctf7.default\">\n\t\t\t\t<div class=\"elementor-widget-container\">\n\t\t\t\t\t    <div class=\"ct-contact-form-layout1 style1 \">\r\n                <div class=\"ct-contact-form-inner\">\r\n        \t            <div class=\"ct-contact-form\">\r\n                \n<div class=\"wpcf7 no-js\" id=\"wpcf7-f6842-o1\" lang=\"en-US\" dir=\"ltr\" data-wpcf7-id=\"6842\">\n<div class=\"screen-reader-response\"><p role=\"status\" aria-live=\"polite\" aria-atomic=\"true\"><\/p> <ul><\/ul><\/div>\n<form action=\"\/de\/wp-json\/wp\/v2\/pages\/6836#wpcf7-f6842-o1\" method=\"post\" class=\"wpcf7-form init\" aria-label=\"Contact form\" novalidate=\"novalidate\" data-status=\"init\">\n<fieldset class=\"hidden-fields-container\"><input type=\"hidden\" name=\"_wpcf7\" value=\"6842\" \/><input type=\"hidden\" name=\"_wpcf7_version\" value=\"6.1.5\" \/><input type=\"hidden\" name=\"_wpcf7_locale\" value=\"en_US\" \/><input type=\"hidden\" name=\"_wpcf7_unit_tag\" value=\"wpcf7-f6842-o1\" \/><input type=\"hidden\" name=\"_wpcf7_container_post\" value=\"0\" \/><input type=\"hidden\" name=\"_wpcf7_posted_data_hash\" value=\"\" \/>\n<\/fieldset>\n<div class=\"row\">\n\t<div class=\"input-filled col-lg-6 col-md-6\">\n\t\t<p><label>Name der Firma\/des Gewerbes & Name und Familienname (obligatorisch)<\/label><span class=\"wpcf7-form-control-wrap\" data-name=\"your-name\"><input size=\"40\" maxlength=\"400\" class=\"wpcf7-form-control wpcf7-text wpcf7-validates-as-required\" aria-required=\"true\" aria-invalid=\"false\" placeholder=\"Namen der Firma oder eigenen Namen eintragen*\" value=\"\" type=\"text\" name=\"your-name\" \/><\/span>\n\t\t<\/p>\n\t<\/div>\n\t<div class=\"input-filled col-lg-6 col-md-6\">\n\t\t<p><label>Kontaktperson (obligatorisch)<\/label><span class=\"wpcf7-form-control-wrap\" data-name=\"kontakt-osoba\"><input size=\"40\" maxlength=\"400\" class=\"wpcf7-form-control wpcf7-text wpcf7-validates-as-required\" aria-required=\"true\" aria-invalid=\"false\" placeholder=\"Kontaktperson eintragen*\" value=\"\" type=\"text\" name=\"kontakt-osoba\" \/><\/span>\n\t\t<\/p>\n\t<\/div>\n<\/div>\n<div class=\"row\">\n\t<div class=\"input-filled col-lg-6 col-md-6\">\n\t\t<p><label>Adresse<\/label><span class=\"wpcf7-form-control-wrap\" data-name=\"your-address\"><input size=\"40\" maxlength=\"400\" class=\"wpcf7-form-control wpcf7-text\" aria-invalid=\"false\" placeholder=\"Adresse eintragen\" value=\"\" type=\"text\" name=\"your-address\" \/><\/span>\n\t\t<\/p>\n\t<\/div>\n\t<div class=\"input-filled col-lg-6 col-md-6\">\n\t\t<p><label>Ort und Postleitzahl<\/label><span class=\"wpcf7-form-control-wrap\" data-name=\"your-town\"><input size=\"40\" maxlength=\"400\" class=\"wpcf7-form-control wpcf7-text\" aria-invalid=\"false\" placeholder=\"Ort eintragen\" value=\"\" type=\"text\" name=\"your-town\" \/><\/span>\n\t\t<\/p>\n\t<\/div>\n<\/div>\n<div class=\"row\">\n\t<div class=\"input-filled col-lg-6 col-md-6\">\n\t\t<p><label>Telefon \/ Mobiltelefon<\/label><span class=\"wpcf7-form-control-wrap\" data-name=\"your-number\"><input class=\"wpcf7-form-control wpcf7-number wpcf7-validates-as-number\" aria-invalid=\"false\" placeholder=\"Mobiltelefon eintragen\" value=\"\" type=\"number\" name=\"your-number\" \/><\/span>\n\t\t<\/p>\n\t<\/div>\n\t<div class=\"input-filled col-lg-6 col-md-6\">\n\t\t<p><label>Email Adresse (obligatorisch)<\/label><span class=\"wpcf7-form-control-wrap\" data-name=\"your-email\"><input size=\"40\" maxlength=\"400\" class=\"wpcf7-form-control wpcf7-email wpcf7-validates-as-required wpcf7-text wpcf7-validates-as-email\" aria-required=\"true\" aria-invalid=\"false\" placeholder=\"Email eintragen*\" value=\"\" type=\"email\" name=\"your-email\" \/><\/span>\n\t\t<\/p>\n\t<\/div>\n<\/div>\n<div class=\"row\">\n\t<div class=\"input-filled col-lg-6 col-md-6\">\n\t\t<p><label>K\u00f6rperlicher Schutz<\/label><span class=\"wpcf7-form-control-wrap\" data-name=\"tjelesna-zastita\"><span class=\"wpcf7-form-control wpcf7-checkbox\"><span class=\"wpcf7-list-item first\"><input type=\"checkbox\" name=\"tjelesna-zastita[]\" value=\"Gesch\u00e4ftsobjekte\" \/><span class=\"wpcf7-list-item-label\">Gesch\u00e4ftsobjekte<\/span><\/span><span class=\"wpcf7-list-item\"><input type=\"checkbox\" name=\"tjelesna-zastita[]\" value=\"Rezeptionsdienstleistungen\" \/><span class=\"wpcf7-list-item-label\">Rezeptionsdienstleistungen<\/span><\/span><span class=\"wpcf7-list-item\"><input type=\"checkbox\" name=\"tjelesna-zastita[]\" value=\"Schutz der Baustellen\" \/><span class=\"wpcf7-list-item-label\">Schutz der Baustellen<\/span><\/span><span class=\"wpcf7-list-item\"><input type=\"checkbox\" name=\"tjelesna-zastita[]\" value=\"Unternehmensveranstaltungen\" \/><span class=\"wpcf7-list-item-label\">Unternehmensveranstaltungen<\/span><\/span><span class=\"wpcf7-list-item\"><input type=\"checkbox\" name=\"tjelesna-zastita[]\" value=\"Konzerte, \u00f6ffentliche und Sportveranstaltungen\" \/><span class=\"wpcf7-list-item-label\">Konzerte, \u00f6ffentliche und Sportveranstaltungen<\/span><\/span><span class=\"wpcf7-list-item\"><input type=\"checkbox\" name=\"tjelesna-zastita[]\" value=\"Begleitung und aufbewahrung der wertvollen sachen\" \/><span class=\"wpcf7-list-item-label\">Begleitung und aufbewahrung der wertvollen sachen<\/span><\/span><span class=\"wpcf7-list-item\"><input type=\"checkbox\" name=\"tjelesna-zastita[]\" value=\"Leibw\u00e4chter\" \/><span class=\"wpcf7-list-item-label\">Leibw\u00e4chter<\/span><\/span><span class=\"wpcf7-list-item\"><input type=\"checkbox\" name=\"tjelesna-zastita[]\" value=\"Feuerwehr\" \/><span class=\"wpcf7-list-item-label\">Feuerwehr<\/span><\/span><span class=\"wpcf7-list-item last\"><input type=\"checkbox\" name=\"tjelesna-zastita[]\" value=\"Schwachstellenanalyse\" \/><span class=\"wpcf7-list-item-label\">Schwachstellenanalyse<\/span><\/span><\/span><\/span>\n\t\t<\/p>\n\t<\/div>\n\t<div class=\"input-filled col-lg-6 col-md-6\">\n\t\t<p><label>Technischer Schutz<\/label><span class=\"wpcf7-form-control-wrap\" data-name=\"tehnicka-zastita\"><span class=\"wpcf7-form-control wpcf7-checkbox\"><span class=\"wpcf7-list-item first\"><input type=\"checkbox\" name=\"tehnicka-zastita[]\" value=\"Zugangskontrolle\" \/><span class=\"wpcf7-list-item-label\">Zugangskontrolle<\/span><\/span><span class=\"wpcf7-list-item\"><input type=\"checkbox\" name=\"tehnicka-zastita[]\" value=\"Alarmsysteme\" \/><span class=\"wpcf7-list-item-label\">Alarmsysteme<\/span><\/span><span class=\"wpcf7-list-item\"><input type=\"checkbox\" name=\"tehnicka-zastita[]\" value=\"Video\u00fcberwachung\" \/><span class=\"wpcf7-list-item-label\">Video\u00fcberwachung<\/span><\/span><span class=\"wpcf7-list-item\"><input type=\"checkbox\" name=\"tehnicka-zastita[]\" value=\"Meldezentrum\" \/><span class=\"wpcf7-list-item-label\">Meldezentrum<\/span><\/span><span class=\"wpcf7-list-item last\"><input type=\"checkbox\" name=\"tehnicka-zastita[]\" value=\"Schwachstellenanalyse\" \/><span class=\"wpcf7-list-item-label\">Schwachstellenanalyse<\/span><\/span><\/span><\/span>\n\t\t<\/p>\n\t<\/div>\n<\/div>\n<div class=\"row\">\n\t<div class=\"input-filled col-lg-6 col-md-6\">\n\t\t<p><label>Ort der Dienstleistung<\/label><span class=\"wpcf7-form-control-wrap\" data-name=\"mesto-pruzanja-usluge\"><input size=\"40\" maxlength=\"400\" class=\"wpcf7-form-control wpcf7-text\" aria-invalid=\"false\" placeholder=\"Ort der Dienstleistung eintragen\" value=\"\" type=\"text\" name=\"mesto-pruzanja-usluge\" \/><\/span>\n\t\t<\/p>\n\t<\/div>\n\t<div class=\"input-filled col-lg-6 col-md-6\">\n\t\t<p><label>Periode der Leistungsnutzung<\/label><span class=\"wpcf7-form-control-wrap\" data-name=\"razdoblje-koriscenja-usluge\"><input size=\"40\" maxlength=\"400\" class=\"wpcf7-form-control wpcf7-text wpcf7-validates-as-required\" aria-required=\"true\" aria-invalid=\"false\" placeholder=\"Periode der Leistungsnutzung eintragen\" value=\"\" type=\"text\" name=\"razdoblje-koriscenja-usluge\" \/><\/span>\n\t\t<\/p>\n\t<\/div>\n<\/div>\n<div class=\"row\">\n\t<div class=\"input-filled col-lg-6 col-md-6\">\n\t\t<p><label>Ben\u00f6tigte Anzahl der Sicherheitsangestellten<\/label><span class=\"wpcf7-form-control-wrap\" data-name=\"broj-izvrsitelja\"><input class=\"wpcf7-form-control wpcf7-number wpcf7-validates-as-number\" aria-invalid=\"false\" placeholder=\"Anzahl der Sicherheitsangestellten eintragen\" value=\"\" type=\"number\" name=\"broj-izvrsitelja\" \/><\/span>\n\t\t<\/p>\n\t<\/div>\n\t<div class=\"input-filled col-lg-6 col-md-6\">\n\t\t<p><label>Weitere Fragen<\/label><span class=\"wpcf7-form-control-wrap\" data-name=\"dodatna-pitanja\"><input size=\"40\" maxlength=\"400\" class=\"wpcf7-form-control wpcf7-text\" aria-invalid=\"false\" placeholder=\"Weitere Fragen eintragen\" value=\"\" type=\"text\" name=\"dodatna-pitanja\" \/><\/span>\n\t\t<\/p>\n\t<\/div>\n<\/div>\n<div class=\"input-filled col-12\">\n\t<p><button type=\"submit\" class=\"wpcf7-submit btn btn-block\"><i class=\"fac fac-arrow-circle-right space-right\"><\/i>Angebot anfragen<\/button>\n\t<\/p>\n<\/div>\n<p style=\"padding-top:20px;text-align:center;\">*Mit dem Ausf\u00fcllen des Formulars akzeptieren Sie die Verarbeitung Ihrer personenbezogenen Daten von der Firma Partner Za\u0161tita GmbH\n<\/p>\n<p style=\"padding-top:5px;text-align:center;\">*Ihre pers\u00f6nlichen Daten werden nicht an Dritte Partei weitergegeben, sondern werden ausschlie\u00dflich f\u00fcr gesch\u00e4ftliche Kommunikationszwecke verwendet.\n<\/p>\n<p style=\"padding-top:5px;text-align:center;\">*Daten werden vertraulich behandelt und gem\u00e4\u00df der Allgemeinen Datenschutzverordnung behandelt.\n<\/p><div class=\"wpcf7-response-output\" aria-hidden=\"true\"><\/div>\n<\/form>\n<\/div>\n            <\/div>\r\n        <\/div>\r\n            <\/div>\r\n\t\t\t\t<\/div>\n\t\t\t\t<\/div>\n\t\t            <\/div>\n        <\/div>\n                    <\/div>\n        <\/section>\n        \t\t<\/div>\n\t\t","protected":false},"excerpt":{"rendered":"<p>Bitte Kontaktformular ausf\u00fcllen \u2013 wir melden uns m\u00f6glichst schnell zur\u00fcck. Name der Firma\/des Gewerbes &amp; Name und Familienname (obligatorisch) Kontaktperson (obligatorisch) Adresse Ort und Postleitzahl Telefon \/ Mobiltelefon Email Adresse (obligatorisch) K\u00f6rperlicher SchutzGesch\u00e4ftsobjekteRezeptionsdienstleistungenSchutz der BaustellenUnternehmensveranstaltungenKonzerte, \u00f6ffentliche und SportveranstaltungenBegleitung und aufbewahrung der wertvollen sachenLeibw\u00e4chterFeuerwehrSchwachstellenanalyse Technischer SchutzZugangskontrolleAlarmsystemeVideo\u00fcberwachungMeldezentrumSchwachstellenanalyse Ort der Dienstleistung Periode der Leistungsnutzung Ben\u00f6tigte Anzahl der Sicherheitsangestellten [&hellip;]<\/p>\n","protected":false},"author":2,"featured_media":0,"parent":0,"menu_order":0,"comment_status":"closed","ping_status":"closed","template":"","meta":{"footnotes":""},"class_list":["post-6836","page","type-page","status-publish","hentry"],"yoast_head":"<!-- This site is optimized with the Yoast SEO plugin v27.2 - https:\/\/yoast.com\/product\/yoast-seo-wordpress\/ -->\n<title>Angebot anfragen | Zivildienst<\/title>\n<meta name=\"description\" content=\"F\u00fcllen Sie das Anfrageformular aus und fragen Sie um Schutz an! Sie haben eine gro\u00dfe Auswahl in unserem Dienstleistungsangebot. Schauen Sie sich noch heute an! Ihre Partner Za\u0161tita\" \/>\n<meta name=\"robots\" content=\"index, follow, max-snippet:-1, max-image-preview:large, max-video-preview:-1\" \/>\n<link rel=\"canonical\" href=\"https:\/\/partner-zastita.hr\/de\/angebot-anfragen\/\" \/>\n<meta property=\"og:locale\" content=\"de_DE\" \/>\n<meta property=\"og:type\" content=\"article\" \/>\n<meta property=\"og:title\" content=\"Angebot anfragen | Zivildienst\" \/>\n<meta property=\"og:description\" content=\"F\u00fcllen Sie das Anfrageformular aus und fragen Sie um Schutz an! Sie haben eine gro\u00dfe Auswahl in unserem Dienstleistungsangebot. Schauen Sie sich noch heute an! Ihre Partner Za\u0161tita\" \/>\n<meta property=\"og:url\" content=\"https:\/\/partner-zastita.hr\/de\/angebot-anfragen\/\" \/>\n<meta property=\"og:site_name\" content=\"Partner Za&scaron;tita\" \/>\n<meta property=\"article:modified_time\" content=\"2021-04-19T15:33:29+00:00\" \/>\n<meta name=\"twitter:card\" content=\"summary_large_image\" \/>\n<meta name=\"twitter:label1\" content=\"Gesch\u00e4tzte Lesezeit\" \/>\n\t<meta name=\"twitter:data1\" content=\"1\u00a0Minute\" \/>\n<script type=\"application\/ld+json\" class=\"yoast-schema-graph\">{\"@context\":\"https:\/\/schema.org\",\"@graph\":[{\"@type\":\"WebPage\",\"@id\":\"https:\/\/partner-zastita.hr\/de\/angebot-anfragen\/\",\"url\":\"https:\/\/partner-zastita.hr\/de\/angebot-anfragen\/\",\"name\":\"Angebot anfragen | Zivildienst\",\"isPartOf\":{\"@id\":\"https:\/\/partner-zastita.hr\/de\/#website\"},\"datePublished\":\"2021-04-15T15:10:55+00:00\",\"dateModified\":\"2021-04-19T15:33:29+00:00\",\"description\":\"F\u00fcllen Sie das Anfrageformular aus und fragen Sie um Schutz an! Sie haben eine gro\u00dfe Auswahl in unserem Dienstleistungsangebot. Schauen Sie sich noch heute an! Ihre Partner Za\u0161tita\",\"breadcrumb\":{\"@id\":\"https:\/\/partner-zastita.hr\/de\/angebot-anfragen\/#breadcrumb\"},\"inLanguage\":\"de\",\"potentialAction\":[{\"@type\":\"ReadAction\",\"target\":[\"https:\/\/partner-zastita.hr\/de\/angebot-anfragen\/\"]}]},{\"@type\":\"BreadcrumbList\",\"@id\":\"https:\/\/partner-zastita.hr\/de\/angebot-anfragen\/#breadcrumb\",\"itemListElement\":[{\"@type\":\"ListItem\",\"position\":1,\"name\":\"Home\",\"item\":\"https:\/\/partner-zastita.hr\/de\/\"},{\"@type\":\"ListItem\",\"position\":2,\"name\":\"Angebot anfragen\"}]},{\"@type\":\"WebSite\",\"@id\":\"https:\/\/partner-zastita.hr\/de\/#website\",\"url\":\"https:\/\/partner-zastita.hr\/de\/\",\"name\":\"Partner Za&scaron;tita\",\"description\":\"Partner Za&scaron;tita\",\"publisher\":{\"@id\":\"https:\/\/partner-zastita.hr\/de\/#organization\"},\"potentialAction\":[{\"@type\":\"SearchAction\",\"target\":{\"@type\":\"EntryPoint\",\"urlTemplate\":\"https:\/\/partner-zastita.hr\/de\/?s={search_term_string}\"},\"query-input\":{\"@type\":\"PropertyValueSpecification\",\"valueRequired\":true,\"valueName\":\"search_term_string\"}}],\"inLanguage\":\"de\"},{\"@type\":\"Organization\",\"@id\":\"https:\/\/partner-zastita.hr\/de\/#organization\",\"name\":\"Partner Za\u0161tita\",\"url\":\"https:\/\/partner-zastita.hr\/de\/\",\"logo\":{\"@type\":\"ImageObject\",\"inLanguage\":\"de\",\"@id\":\"https:\/\/partner-zastita.hr\/de\/#\/schema\/logo\/image\/\",\"url\":\"https:\/\/partner-zastita.hr\/wp-content\/uploads\/2021\/03\/partner-zastita-logo-1.png\",\"contentUrl\":\"https:\/\/partner-zastita.hr\/wp-content\/uploads\/2021\/03\/partner-zastita-logo-1.png\",\"width\":250,\"height\":63,\"caption\":\"Partner Za\u0161tita\"},\"image\":{\"@id\":\"https:\/\/partner-zastita.hr\/de\/#\/schema\/logo\/image\/\"}}]}<\/script>\n<!-- \/ Yoast SEO plugin. -->","yoast_head_json":{"title":"Angebot anfragen | Zivildienst","description":"F\u00fcllen Sie das Anfrageformular aus und fragen Sie um Schutz an! Sie haben eine gro\u00dfe Auswahl in unserem Dienstleistungsangebot. Schauen Sie sich noch heute an! Ihre Partner Za\u0161tita","robots":{"index":"index","follow":"follow","max-snippet":"max-snippet:-1","max-image-preview":"max-image-preview:large","max-video-preview":"max-video-preview:-1"},"canonical":"https:\/\/partner-zastita.hr\/de\/angebot-anfragen\/","og_locale":"de_DE","og_type":"article","og_title":"Angebot anfragen | Zivildienst","og_description":"F\u00fcllen Sie das Anfrageformular aus und fragen Sie um Schutz an! Sie haben eine gro\u00dfe Auswahl in unserem Dienstleistungsangebot. Schauen Sie sich noch heute an! Ihre Partner Za\u0161tita","og_url":"https:\/\/partner-zastita.hr\/de\/angebot-anfragen\/","og_site_name":"Partner Za&scaron;tita","article_modified_time":"2021-04-19T15:33:29+00:00","twitter_card":"summary_large_image","twitter_misc":{"Gesch\u00e4tzte Lesezeit":"1\u00a0Minute"},"schema":{"@context":"https:\/\/schema.org","@graph":[{"@type":"WebPage","@id":"https:\/\/partner-zastita.hr\/de\/angebot-anfragen\/","url":"https:\/\/partner-zastita.hr\/de\/angebot-anfragen\/","name":"Angebot anfragen | Zivildienst","isPartOf":{"@id":"https:\/\/partner-zastita.hr\/de\/#website"},"datePublished":"2021-04-15T15:10:55+00:00","dateModified":"2021-04-19T15:33:29+00:00","description":"F\u00fcllen Sie das Anfrageformular aus und fragen Sie um Schutz an! Sie haben eine gro\u00dfe Auswahl in unserem Dienstleistungsangebot. Schauen Sie sich noch heute an! Ihre Partner Za\u0161tita","breadcrumb":{"@id":"https:\/\/partner-zastita.hr\/de\/angebot-anfragen\/#breadcrumb"},"inLanguage":"de","potentialAction":[{"@type":"ReadAction","target":["https:\/\/partner-zastita.hr\/de\/angebot-anfragen\/"]}]},{"@type":"BreadcrumbList","@id":"https:\/\/partner-zastita.hr\/de\/angebot-anfragen\/#breadcrumb","itemListElement":[{"@type":"ListItem","position":1,"name":"Home","item":"https:\/\/partner-zastita.hr\/de\/"},{"@type":"ListItem","position":2,"name":"Angebot anfragen"}]},{"@type":"WebSite","@id":"https:\/\/partner-zastita.hr\/de\/#website","url":"https:\/\/partner-zastita.hr\/de\/","name":"Partner Za&scaron;tita","description":"Partner Za&scaron;tita","publisher":{"@id":"https:\/\/partner-zastita.hr\/de\/#organization"},"potentialAction":[{"@type":"SearchAction","target":{"@type":"EntryPoint","urlTemplate":"https:\/\/partner-zastita.hr\/de\/?s={search_term_string}"},"query-input":{"@type":"PropertyValueSpecification","valueRequired":true,"valueName":"search_term_string"}}],"inLanguage":"de"},{"@type":"Organization","@id":"https:\/\/partner-zastita.hr\/de\/#organization","name":"Partner Za\u0161tita","url":"https:\/\/partner-zastita.hr\/de\/","logo":{"@type":"ImageObject","inLanguage":"de","@id":"https:\/\/partner-zastita.hr\/de\/#\/schema\/logo\/image\/","url":"https:\/\/partner-zastita.hr\/wp-content\/uploads\/2021\/03\/partner-zastita-logo-1.png","contentUrl":"https:\/\/partner-zastita.hr\/wp-content\/uploads\/2021\/03\/partner-zastita-logo-1.png","width":250,"height":63,"caption":"Partner Za\u0161tita"},"image":{"@id":"https:\/\/partner-zastita.hr\/de\/#\/schema\/logo\/image\/"}}]}},"_links":{"self":[{"href":"https:\/\/partner-zastita.hr\/de\/wp-json\/wp\/v2\/pages\/6836","targetHints":{"allow":["GET"]}}],"collection":[{"href":"https:\/\/partner-zastita.hr\/de\/wp-json\/wp\/v2\/pages"}],"about":[{"href":"https:\/\/partner-zastita.hr\/de\/wp-json\/wp\/v2\/types\/page"}],"author":[{"embeddable":true,"href":"https:\/\/partner-zastita.hr\/de\/wp-json\/wp\/v2\/users\/2"}],"replies":[{"embeddable":true,"href":"https:\/\/partner-zastita.hr\/de\/wp-json\/wp\/v2\/comments?post=6836"}],"version-history":[{"count":8,"href":"https:\/\/partner-zastita.hr\/de\/wp-json\/wp\/v2\/pages\/6836\/revisions"}],"predecessor-version":[{"id":6953,"href":"https:\/\/partner-zastita.hr\/de\/wp-json\/wp\/v2\/pages\/6836\/revisions\/6953"}],"wp:attachment":[{"href":"https:\/\/partner-zastita.hr\/de\/wp-json\/wp\/v2\/media?parent=6836"}],"curies":[{"name":"wp","href":"https:\/\/api.w.org\/{rel}","templated":true}]}}