{"id":6583,"date":"2021-04-14T17:08:42","date_gmt":"2021-04-14T15:08:42","guid":{"rendered":"https:\/\/partner-zastita.hr\/schutz-der-personenbezogenen-daten\/"},"modified":"2021-04-19T17:30:31","modified_gmt":"2021-04-19T15:30:31","slug":"schutz-der-personenbezogenen-daten","status":"publish","type":"page","link":"https:\/\/partner-zastita.hr\/de\/schutz-der-personenbezogenen-daten\/","title":{"rendered":"Schutz der personenbezogenen daten"},"content":{"rendered":"\t\t<div data-elementor-type=\"wp-page\" data-elementor-id=\"6583\" class=\"elementor elementor-6583 elementor-6071\">\n\t\t\t\t\r\n        <section class=\"elementor-section elementor-top-section elementor-element elementor-element-1c200c4 elementor-section-boxed elementor-section-height-default elementor-section-height-default ct-header-fixed-none ct-row-max-none\" data-id=\"1c200c4\" data-element_type=\"section\" data-e-type=\"section\">\n            \n                        <div class=\"elementor-container elementor-column-gap-default \">\n                    <div class=\"elementor-column elementor-col-100 elementor-top-column elementor-element elementor-element-8db1bdc\" data-id=\"8db1bdc\" data-element_type=\"column\" data-e-type=\"column\">\n        <div class=\"elementor-widget-wrap elementor-element-populated\">\n                    \n        \t\t<div class=\"elementor-element elementor-element-d8716c9 elementor-widget elementor-widget-text-editor\" data-id=\"d8716c9\" data-element_type=\"widget\" data-e-type=\"widget\" data-widget_type=\"text-editor.default\">\n\t\t\t\t<div class=\"elementor-widget-container\">\n\t\t\t\t\t\t\t\t\t<p><strong>Allgemeine Informationen<\/strong><\/p><p>Partner Za\u0161tita GmbH respektiert die Privatsph\u00e4re jeder Person, die unsere Webseite besucht. Die Datenerfassung und -speicherung erfolgt gem\u00e4\u00df den gesetzlichen Bestimmungen.<\/p><p>Diese Datenschutzerkl\u00e4rung gilt nicht f\u00fcr Webseiten, die \u00fcber unsere Webseiten verlinkt und sichtbar sind, da es sich um externe Inhalte handelt, f\u00fcr die wir nicht verantwortlich sind.<\/p><p><strong>Wie sammeln wir Daten?<\/strong><\/p><p>Wir sammeln Daten auf der Website www.partner-zastita.hr, per E-Mail, Telefon, Post oder schriftlich oder \u00fcber soziale Netzwerke, \u00fcber die der Benutzer Kontakt mit uns aufnehmen kann.<\/p><p><strong>Welche Daten werden gesammelt?<\/strong><\/p><p>Woher kommen die Daten?<\/p><p>Die Daten, die der Benutzer direkt zur Verf\u00fcgung stellt und die wir \u00fcber Formulare sammeln, sind auf der Website <a href=\"http:\/\/www.partner-zastita.hr\">www.partner-zastita.hr<\/a> \u00a0unter den Tabs &#8220;Kontakt&#8221;, &#8220;Anstellungsm\u00f6glichkeiten&#8221; und &#8220;Schutz anfordern&#8221; aufgef\u00fchrt.<\/p><p>Die durch &#8220;Cookies&#8221; gesammelten Daten h\u00e4ngen davon ab, wie der Nutzer die Webesite <a href=\"http:\/\/www.partner-zastita.hr\">www.partner-zastita.hr<\/a> \u00a0nutzt.<\/p><p><strong>Wie speichern wir Daten?<\/strong><\/p><p>Wir speichern und verarbeiten nur die Daten und die Benutzer, die ihre pers\u00f6nliche Zustimmung zu ihrer Verarbeitung gegeben haben. Der Schutz der Privatsph\u00e4re personenbezogener Daten ist dauerhaft und wir ergreifen alle Ma\u00dfnahmen, um diese gem\u00e4\u00df der Allgemeinen Verordnung zum Schutz personenbezogener Daten zu sch\u00fctzen.<\/p><p><strong>Wie sch\u00fctzen wir die pers\u00f6nlichen Daten der Benutzer?<\/strong><\/p><p>Partner Za\u0161tita GmbH, entsprechend den bewerteten Risiken f\u00fcr personenbezogene Daten, legt eine Reihe technischer und organisatorischer Ma\u00dfnahmen zum Schutz personenbezogener Daten fest. Diese Ma\u00dfnahmen beziehen sich auf den Schutz von B\u00fcrodokumenten, den Computerschutz, Verhaltensregeln f\u00fcr Mitarbeiter und vertragliche Beziehungen zu externen Dienstleistern.<\/p><p><strong>Welche Rechte hat der Benutzer im Bezug auf personenbezogene Daten?<\/strong><\/p><p><strong>Sie haben jederzeit das Recht: <\/strong><strong>auf personenbezogene Daten zuzugreifen, personenbezogene Daten zu korrigieren, zu l\u00f6schen oder die Verarbeitung Ihrer personenbezogenen Daten einzuschr\u00e4nken, das Recht, der Verarbeitung personenbezogener Daten zu widersprechen, das Recht, die Einwilligung jederzeit zu widerrufen, ohne die Rechtm\u00e4\u00dfigkeit der Verarbeitung aufgrund dieser Einwilligung vor deren Widerruf, das Recht, der Aufsichtsbeh\u00f6rde zu widersprechen, Sie haben das Recht auf Daten\u00fcbertragbarkeit, wir wenden kein automatisiertes Entscheidungssystem an, alles in \u00dcbereinstimmung mit den Bestimmungen der EU-Allgemeinen Verordnung 2016\/679 und<\/strong> <strong>nationale Gesetzgebung. Um Ihre Rechte auszu\u00fcben, kontaktieren Sie uns direkt oder \u00fcber einen Datenschutzbeauftragten.<\/strong><\/p><p>Der Benutzer kann seine Rechte in Bezug auf personenbezogene Daten aus\u00fcben, indem er eine Nachricht an <a href=\"mailto:gdpr@partner-zastita.hr\">gdpr@partner-zastita.hr<\/a>\u00a0 sendet.<\/p>\t\t\t\t\t\t\t\t<\/div>\n\t\t\t\t<\/div>\n\t\t            <\/div>\n        <\/div>\n                    <\/div>\n        <\/section>\n        \t\t<\/div>\n\t\t","protected":false},"excerpt":{"rendered":"<p>Allgemeine Informationen Partner Za\u0161tita GmbH respektiert die Privatsph\u00e4re jeder Person, die unsere Webseite besucht. Die Datenerfassung und -speicherung erfolgt gem\u00e4\u00df den gesetzlichen Bestimmungen. Diese Datenschutzerkl\u00e4rung gilt nicht f\u00fcr Webseiten, die \u00fcber unsere Webseiten verlinkt und sichtbar sind, da es sich um externe Inhalte handelt, f\u00fcr die wir nicht verantwortlich sind. Wie sammeln wir Daten? Wir [&hellip;]<\/p>\n","protected":false},"author":2,"featured_media":0,"parent":0,"menu_order":0,"comment_status":"closed","ping_status":"closed","template":"","meta":{"footnotes":""},"class_list":["post-6583","page","type-page","status-publish","hentry"],"yoast_head":"<!-- This site is optimized with the Yoast SEO plugin v27.2 - https:\/\/yoast.com\/product\/yoast-seo-wordpress\/ -->\n<title>Schutz personenbezogener Daten | Datenschutz<\/title>\n<meta name=\"description\" content=\"Sch\u00fctzen Sie Ihre Rechte mit Partner Za\u0161tita! Partner Za\u0161tita nimmt Ihre Privatsph\u00e4re in Anspruch und der Datenschutz wird gem\u00e4\u00df den gesetzlichen Bestimmungen durchgef\u00fchrt.\" \/>\n<meta name=\"robots\" content=\"index, follow, max-snippet:-1, max-image-preview:large, max-video-preview:-1\" \/>\n<link rel=\"canonical\" href=\"https:\/\/partner-zastita.hr\/de\/schutz-der-personenbezogenen-daten\/\" \/>\n<meta property=\"og:locale\" content=\"de_DE\" \/>\n<meta property=\"og:type\" content=\"article\" \/>\n<meta property=\"og:title\" content=\"Schutz personenbezogener Daten | Datenschutz\" \/>\n<meta property=\"og:description\" content=\"Sch\u00fctzen Sie Ihre Rechte mit Partner Za\u0161tita! Partner Za\u0161tita nimmt Ihre Privatsph\u00e4re in Anspruch und der Datenschutz wird gem\u00e4\u00df den gesetzlichen Bestimmungen durchgef\u00fchrt.\" \/>\n<meta property=\"og:url\" content=\"https:\/\/partner-zastita.hr\/de\/schutz-der-personenbezogenen-daten\/\" \/>\n<meta property=\"og:site_name\" content=\"Partner Za&scaron;tita\" \/>\n<meta property=\"article:modified_time\" content=\"2021-04-19T15:30:31+00:00\" \/>\n<meta name=\"twitter:card\" content=\"summary_large_image\" \/>\n<meta name=\"twitter:label1\" content=\"Gesch\u00e4tzte Lesezeit\" \/>\n\t<meta name=\"twitter:data1\" content=\"2\u00a0Minuten\" \/>\n<script type=\"application\/ld+json\" class=\"yoast-schema-graph\">{\"@context\":\"https:\/\/schema.org\",\"@graph\":[{\"@type\":\"WebPage\",\"@id\":\"https:\/\/partner-zastita.hr\/de\/schutz-der-personenbezogenen-daten\/\",\"url\":\"https:\/\/partner-zastita.hr\/de\/schutz-der-personenbezogenen-daten\/\",\"name\":\"Schutz personenbezogener Daten | Datenschutz\",\"isPartOf\":{\"@id\":\"https:\/\/partner-zastita.hr\/de\/#website\"},\"datePublished\":\"2021-04-14T15:08:42+00:00\",\"dateModified\":\"2021-04-19T15:30:31+00:00\",\"description\":\"Sch\u00fctzen Sie Ihre Rechte mit Partner Za\u0161tita! Partner Za\u0161tita nimmt Ihre Privatsph\u00e4re in Anspruch und der Datenschutz wird gem\u00e4\u00df den gesetzlichen Bestimmungen durchgef\u00fchrt.\",\"breadcrumb\":{\"@id\":\"https:\/\/partner-zastita.hr\/de\/schutz-der-personenbezogenen-daten\/#breadcrumb\"},\"inLanguage\":\"de\",\"potentialAction\":[{\"@type\":\"ReadAction\",\"target\":[\"https:\/\/partner-zastita.hr\/de\/schutz-der-personenbezogenen-daten\/\"]}]},{\"@type\":\"BreadcrumbList\",\"@id\":\"https:\/\/partner-zastita.hr\/de\/schutz-der-personenbezogenen-daten\/#breadcrumb\",\"itemListElement\":[{\"@type\":\"ListItem\",\"position\":1,\"name\":\"Home\",\"item\":\"https:\/\/partner-zastita.hr\/de\/\"},{\"@type\":\"ListItem\",\"position\":2,\"name\":\"Schutz der personenbezogenen daten\"}]},{\"@type\":\"WebSite\",\"@id\":\"https:\/\/partner-zastita.hr\/de\/#website\",\"url\":\"https:\/\/partner-zastita.hr\/de\/\",\"name\":\"Partner Za&scaron;tita\",\"description\":\"Partner Za&scaron;tita\",\"publisher\":{\"@id\":\"https:\/\/partner-zastita.hr\/de\/#organization\"},\"potentialAction\":[{\"@type\":\"SearchAction\",\"target\":{\"@type\":\"EntryPoint\",\"urlTemplate\":\"https:\/\/partner-zastita.hr\/de\/?s={search_term_string}\"},\"query-input\":{\"@type\":\"PropertyValueSpecification\",\"valueRequired\":true,\"valueName\":\"search_term_string\"}}],\"inLanguage\":\"de\"},{\"@type\":\"Organization\",\"@id\":\"https:\/\/partner-zastita.hr\/de\/#organization\",\"name\":\"Partner Za\u0161tita\",\"url\":\"https:\/\/partner-zastita.hr\/de\/\",\"logo\":{\"@type\":\"ImageObject\",\"inLanguage\":\"de\",\"@id\":\"https:\/\/partner-zastita.hr\/de\/#\/schema\/logo\/image\/\",\"url\":\"https:\/\/partner-zastita.hr\/wp-content\/uploads\/2021\/03\/partner-zastita-logo-1.png\",\"contentUrl\":\"https:\/\/partner-zastita.hr\/wp-content\/uploads\/2021\/03\/partner-zastita-logo-1.png\",\"width\":250,\"height\":63,\"caption\":\"Partner Za\u0161tita\"},\"image\":{\"@id\":\"https:\/\/partner-zastita.hr\/de\/#\/schema\/logo\/image\/\"}}]}<\/script>\n<!-- \/ Yoast SEO plugin. -->","yoast_head_json":{"title":"Schutz personenbezogener Daten | Datenschutz","description":"Sch\u00fctzen Sie Ihre Rechte mit Partner Za\u0161tita! Partner Za\u0161tita nimmt Ihre Privatsph\u00e4re in Anspruch und der Datenschutz wird gem\u00e4\u00df den gesetzlichen Bestimmungen durchgef\u00fchrt.","robots":{"index":"index","follow":"follow","max-snippet":"max-snippet:-1","max-image-preview":"max-image-preview:large","max-video-preview":"max-video-preview:-1"},"canonical":"https:\/\/partner-zastita.hr\/de\/schutz-der-personenbezogenen-daten\/","og_locale":"de_DE","og_type":"article","og_title":"Schutz personenbezogener Daten | Datenschutz","og_description":"Sch\u00fctzen Sie Ihre Rechte mit Partner Za\u0161tita! Partner Za\u0161tita nimmt Ihre Privatsph\u00e4re in Anspruch und der Datenschutz wird gem\u00e4\u00df den gesetzlichen Bestimmungen durchgef\u00fchrt.","og_url":"https:\/\/partner-zastita.hr\/de\/schutz-der-personenbezogenen-daten\/","og_site_name":"Partner Za&scaron;tita","article_modified_time":"2021-04-19T15:30:31+00:00","twitter_card":"summary_large_image","twitter_misc":{"Gesch\u00e4tzte Lesezeit":"2\u00a0Minuten"},"schema":{"@context":"https:\/\/schema.org","@graph":[{"@type":"WebPage","@id":"https:\/\/partner-zastita.hr\/de\/schutz-der-personenbezogenen-daten\/","url":"https:\/\/partner-zastita.hr\/de\/schutz-der-personenbezogenen-daten\/","name":"Schutz personenbezogener Daten | Datenschutz","isPartOf":{"@id":"https:\/\/partner-zastita.hr\/de\/#website"},"datePublished":"2021-04-14T15:08:42+00:00","dateModified":"2021-04-19T15:30:31+00:00","description":"Sch\u00fctzen Sie Ihre Rechte mit Partner Za\u0161tita! Partner Za\u0161tita nimmt Ihre Privatsph\u00e4re in Anspruch und der Datenschutz wird gem\u00e4\u00df den gesetzlichen Bestimmungen durchgef\u00fchrt.","breadcrumb":{"@id":"https:\/\/partner-zastita.hr\/de\/schutz-der-personenbezogenen-daten\/#breadcrumb"},"inLanguage":"de","potentialAction":[{"@type":"ReadAction","target":["https:\/\/partner-zastita.hr\/de\/schutz-der-personenbezogenen-daten\/"]}]},{"@type":"BreadcrumbList","@id":"https:\/\/partner-zastita.hr\/de\/schutz-der-personenbezogenen-daten\/#breadcrumb","itemListElement":[{"@type":"ListItem","position":1,"name":"Home","item":"https:\/\/partner-zastita.hr\/de\/"},{"@type":"ListItem","position":2,"name":"Schutz der personenbezogenen daten"}]},{"@type":"WebSite","@id":"https:\/\/partner-zastita.hr\/de\/#website","url":"https:\/\/partner-zastita.hr\/de\/","name":"Partner Za&scaron;tita","description":"Partner Za&scaron;tita","publisher":{"@id":"https:\/\/partner-zastita.hr\/de\/#organization"},"potentialAction":[{"@type":"SearchAction","target":{"@type":"EntryPoint","urlTemplate":"https:\/\/partner-zastita.hr\/de\/?s={search_term_string}"},"query-input":{"@type":"PropertyValueSpecification","valueRequired":true,"valueName":"search_term_string"}}],"inLanguage":"de"},{"@type":"Organization","@id":"https:\/\/partner-zastita.hr\/de\/#organization","name":"Partner Za\u0161tita","url":"https:\/\/partner-zastita.hr\/de\/","logo":{"@type":"ImageObject","inLanguage":"de","@id":"https:\/\/partner-zastita.hr\/de\/#\/schema\/logo\/image\/","url":"https:\/\/partner-zastita.hr\/wp-content\/uploads\/2021\/03\/partner-zastita-logo-1.png","contentUrl":"https:\/\/partner-zastita.hr\/wp-content\/uploads\/2021\/03\/partner-zastita-logo-1.png","width":250,"height":63,"caption":"Partner Za\u0161tita"},"image":{"@id":"https:\/\/partner-zastita.hr\/de\/#\/schema\/logo\/image\/"}}]}},"_links":{"self":[{"href":"https:\/\/partner-zastita.hr\/de\/wp-json\/wp\/v2\/pages\/6583","targetHints":{"allow":["GET"]}}],"collection":[{"href":"https:\/\/partner-zastita.hr\/de\/wp-json\/wp\/v2\/pages"}],"about":[{"href":"https:\/\/partner-zastita.hr\/de\/wp-json\/wp\/v2\/types\/page"}],"author":[{"embeddable":true,"href":"https:\/\/partner-zastita.hr\/de\/wp-json\/wp\/v2\/users\/2"}],"replies":[{"embeddable":true,"href":"https:\/\/partner-zastita.hr\/de\/wp-json\/wp\/v2\/comments?post=6583"}],"version-history":[{"count":6,"href":"https:\/\/partner-zastita.hr\/de\/wp-json\/wp\/v2\/pages\/6583\/revisions"}],"predecessor-version":[{"id":6952,"href":"https:\/\/partner-zastita.hr\/de\/wp-json\/wp\/v2\/pages\/6583\/revisions\/6952"}],"wp:attachment":[{"href":"https:\/\/partner-zastita.hr\/de\/wp-json\/wp\/v2\/media?parent=6583"}],"curies":[{"name":"wp","href":"https:\/\/api.w.org\/{rel}","templated":true}]}}