{"id":6547,"date":"2021-04-14T16:30:32","date_gmt":"2021-04-14T14:30:32","guid":{"rendered":"https:\/\/partner-zastita.hr\/anstellung\/"},"modified":"2021-04-19T17:28:19","modified_gmt":"2021-04-19T15:28:19","slug":"anstellung","status":"publish","type":"page","link":"https:\/\/partner-zastita.hr\/de\/anstellung\/","title":{"rendered":"Anstellung"},"content":{"rendered":"\t\t<div data-elementor-type=\"wp-page\" data-elementor-id=\"6547\" class=\"elementor elementor-6547 elementor-5049\">\n\t\t\t\t\r\n        <section class=\"elementor-section elementor-top-section elementor-element elementor-element-fbad674 elementor-section-boxed elementor-section-height-default elementor-section-height-default ct-header-fixed-none ct-row-max-none\" data-id=\"fbad674\" data-element_type=\"section\" data-e-type=\"section\">\n            \n                        <div class=\"elementor-container elementor-column-gap-default \">\n                    <div class=\"elementor-column elementor-col-100 elementor-top-column elementor-element elementor-element-a0b082b\" data-id=\"a0b082b\" data-element_type=\"column\" data-e-type=\"column\">\n        <div class=\"elementor-widget-wrap elementor-element-populated\">\n                    \n        \t\t<div class=\"elementor-element elementor-element-30dc8a1 elementor-widget elementor-widget-ct_heading\" data-id=\"30dc8a1\" data-element_type=\"widget\" data-e-type=\"widget\" data-widget_type=\"ct_heading.default\">\n\t\t\t\t<div class=\"elementor-widget-container\">\n\t\t\t\t\t<div id=\"ct_heading-30dc8a1\" class=\"ct-heading h-align-center sub-style1 ct-heading-left item-st-default\">\r\n    <div class=\"ct-item--inner\">\r\n        <div class=\"ct-inline-css\" data-css=\"\r\n            \">\r\n        <\/div>\r\n                    <div class=\"item--sub-title style1 show-line\">\r\n                                                                Sei Mitglied unseres Teams!                                                                            <\/div>\r\n                <h3 class=\"item--title st-default case-animate-time\" data-wow-delay=\"ms\">\r\n                        <span class=\"sp-main\">\r\n                \r\n                Wir suchen <b>Sicherheitsw\u00e4chter<\/b>\r\n                \r\n                            <\/span>\r\n                    <\/h3>\r\n    <\/div>\r\n<\/div>\t\t\t\t<\/div>\n\t\t\t\t<\/div>\n\t\t\t\t<div class=\"elementor-element elementor-element-1125e77 elementor-widget elementor-widget-ct_ctf7\" data-id=\"1125e77\" data-element_type=\"widget\" data-e-type=\"widget\" data-widget_type=\"ct_ctf7.default\">\n\t\t\t\t<div class=\"elementor-widget-container\">\n\t\t\t\t\t    <div class=\"ct-contact-form-layout1 style1 \">\r\n                <div class=\"ct-contact-form-inner\">\r\n        \t            <div class=\"ct-contact-form\">\r\n                \n<div class=\"wpcf7 no-js\" id=\"wpcf7-f6549-o1\" lang=\"en-US\" dir=\"ltr\" data-wpcf7-id=\"6549\">\n<div class=\"screen-reader-response\"><p role=\"status\" aria-live=\"polite\" aria-atomic=\"true\"><\/p> <ul><\/ul><\/div>\n<form action=\"\/de\/wp-json\/wp\/v2\/pages\/6547#wpcf7-f6549-o1\" method=\"post\" class=\"wpcf7-form init\" aria-label=\"Contact form\" enctype=\"multipart\/form-data\" novalidate=\"novalidate\" data-status=\"init\">\n<fieldset class=\"hidden-fields-container\"><input type=\"hidden\" name=\"_wpcf7\" value=\"6549\" \/><input type=\"hidden\" name=\"_wpcf7_version\" value=\"6.1.5\" \/><input type=\"hidden\" name=\"_wpcf7_locale\" value=\"en_US\" \/><input type=\"hidden\" name=\"_wpcf7_unit_tag\" value=\"wpcf7-f6549-o1\" \/><input type=\"hidden\" name=\"_wpcf7_container_post\" value=\"0\" \/><input type=\"hidden\" name=\"_wpcf7_posted_data_hash\" value=\"\" \/>\n<\/fieldset>\n<div class=\"row\">\n\t<div class=\"input-filled col-lg-12 col-md-6\">\n\t\t<p><label>Vorname und Familienname (obligatorisch)<\/label><span class=\"wpcf7-form-control-wrap\" data-name=\"your-name\"><input size=\"40\" maxlength=\"400\" class=\"wpcf7-form-control wpcf7-text wpcf7-validates-as-required\" aria-required=\"true\" aria-invalid=\"false\" placeholder=\"Vorname und Familienname eintragen*\" value=\"\" type=\"text\" name=\"your-name\" \/><\/span>\n\t\t<\/p>\n\t<\/div>\n<\/div>\n<div class=\"row\">\n\t<div class=\"input-filled col-lg-6 col-md-6\">\n\t\t<p><label>Adresse<\/label><span class=\"wpcf7-form-control-wrap\" data-name=\"your-address\"><input size=\"40\" maxlength=\"400\" class=\"wpcf7-form-control wpcf7-text\" aria-invalid=\"false\" placeholder=\"Adresse eintragen\" value=\"\" type=\"text\" name=\"your-address\" \/><\/span>\n\t\t<\/p>\n\t<\/div>\n\t<div class=\"input-filled col-lg-6 col-md-6\">\n\t\t<p><label>Stadt<\/label><span class=\"wpcf7-form-control-wrap\" data-name=\"your-town\"><input size=\"40\" maxlength=\"400\" class=\"wpcf7-form-control wpcf7-text\" aria-invalid=\"false\" placeholder=\"Stadt eintragen\" value=\"\" type=\"text\" name=\"your-town\" \/><\/span>\n\t\t<\/p>\n\t<\/div>\n<\/div>\n<div class=\"row\">\n\t<div class=\"input-filled col-lg-6 col-md-6\">\n\t\t<p><label>Telefon \/ Mobiltelefonnummer<\/label><span class=\"wpcf7-form-control-wrap\" data-name=\"your-number\"><input class=\"wpcf7-form-control wpcf7-number wpcf7-validates-as-number\" aria-invalid=\"false\" placeholder=\"Mobiltelefonnummer eintragen\" value=\"\" type=\"number\" name=\"your-number\" \/><\/span>\n\t\t<\/p>\n\t<\/div>\n\t<div class=\"input-filled col-lg-6 col-md-6\">\n\t\t<p><label>Email-Adresse (obligatorisch)<\/label><span class=\"wpcf7-form-control-wrap\" data-name=\"your-email\"><input size=\"40\" maxlength=\"400\" class=\"wpcf7-form-control wpcf7-email wpcf7-validates-as-required wpcf7-text wpcf7-validates-as-email\" aria-required=\"true\" aria-invalid=\"false\" placeholder=\"Email-Adressee eintragen*\" value=\"\" type=\"email\" name=\"your-email\" \/><\/span>\n\t\t<\/p>\n\t<\/div>\n<\/div>\n<div class=\"row\">\n\t<div class=\"input-filled col-lg-6 col-md-6\">\n\t\t<p><label>Beruf<\/label><span class=\"wpcf7-form-control-wrap\" data-name=\"your-work\"><input size=\"40\" maxlength=\"400\" class=\"wpcf7-form-control wpcf7-text\" aria-invalid=\"false\" placeholder=\"Beruf eintragen\" value=\"\" type=\"text\" name=\"your-work\" \/><\/span>\n\t\t<\/p>\n\t<\/div>\n\t<div class=\"input-filled col-lg-6 col-md-6\">\n\t\t<p><label>Berufsabschluss<\/label><span class=\"wpcf7-form-control-wrap\" data-name=\"your-education\"><input size=\"40\" maxlength=\"400\" class=\"wpcf7-form-control wpcf7-text\" aria-invalid=\"false\" placeholder=\"Berufsabschluss eintragen\" value=\"\" type=\"text\" name=\"your-education\" \/><\/span>\n\t\t<\/p>\n\t<\/div>\n<\/div>\n<div class=\"row\">\n\t<div class=\"input-filled col-lg-6 col-md-6\">\n\t\t<p><label>Sicherheitsw\u00e4chterlizenz<\/label><span class=\"wpcf7-form-control-wrap\" data-name=\"ispitzazastitara\"><span class=\"wpcf7-form-control wpcf7-radio\"><span class=\"wpcf7-list-item first\"><label><input type=\"radio\" name=\"ispitzazastitara\" value=\"Ja\" checked=\"checked\" \/><span class=\"wpcf7-list-item-label\">Ja<\/span><\/label><\/span><span class=\"wpcf7-list-item last\"><label><input type=\"radio\" name=\"ispitzazastitara\" value=\"Nein\" \/><span class=\"wpcf7-list-item-label\">Nein<\/span><\/label><\/span><\/span><\/span>\n\t\t<\/p>\n\t<\/div>\n\t<div class=\"input-filled col-lg-6 col-md-6\">\n\t\t<p><label>W\u00e4rterlizenz<\/label><span class=\"wpcf7-form-control-wrap\" data-name=\"ispitzacuvara\"><span class=\"wpcf7-form-control wpcf7-radio\"><span class=\"wpcf7-list-item first\"><label><input type=\"radio\" name=\"ispitzacuvara\" value=\"Ja\" checked=\"checked\" \/><span class=\"wpcf7-list-item-label\">Ja<\/span><\/label><\/span><span class=\"wpcf7-list-item last\"><label><input type=\"radio\" name=\"ispitzacuvara\" value=\"Nein\" \/><span class=\"wpcf7-list-item-label\">Nein<\/span><\/label><\/span><\/span><\/span>\n\t\t<\/p>\n\t<\/div>\n<\/div>\n<div class=\"row\">\n\t<div class=\"input-filled col-lg-6 col-md-6\">\n\t\t<p><label>Feuerwehrmannabschluss<\/label><span class=\"wpcf7-form-control-wrap\" data-name=\"ispitzavatrogasca\"><span class=\"wpcf7-form-control wpcf7-radio\"><span class=\"wpcf7-list-item first\"><label><input type=\"radio\" name=\"ispitzavatrogasca\" value=\"Ja\" checked=\"checked\" \/><span class=\"wpcf7-list-item-label\">Ja<\/span><\/label><\/span><span class=\"wpcf7-list-item last\"><label><input type=\"radio\" name=\"ispitzavatrogasca\" value=\"Nein\" \/><span class=\"wpcf7-list-item-label\">Nein<\/span><\/label><\/span><\/span><\/span>\n\t\t<\/p>\n\t<\/div>\n\t<div class=\"input-filled col-lg-6 col-md-6\">\n\t\t<p><label>Fremdsprachenkenntnisse<\/label><span class=\"wpcf7-form-control-wrap\" data-name=\"znanjestranihjezika\"><span class=\"wpcf7-form-control wpcf7-radio\"><span class=\"wpcf7-list-item first\"><label><input type=\"radio\" name=\"znanjestranihjezika\" value=\"Aktiv\" checked=\"checked\" \/><span class=\"wpcf7-list-item-label\">Aktiv<\/span><\/label><\/span><span class=\"wpcf7-list-item last\"><label><input type=\"radio\" name=\"znanjestranihjezika\" value=\"Passiv\" \/><span class=\"wpcf7-list-item-label\">Passiv<\/span><\/label><\/span><\/span><\/span>\n\t\t<\/p>\n\t<\/div>\n<\/div>\n<div class=\"row\">\n\t<div class=\"input-filled col-12\">\n\t\t<p><label>Bisherige Berufserfahrung<\/label><span class=\"wpcf7-form-control-wrap\" data-name=\"your-message\"><textarea cols=\"40\" rows=\"10\" maxlength=\"2000\" class=\"wpcf7-form-control wpcf7-textarea\" aria-invalid=\"false\" placeholder=\"Bisherige Berufserfahrung beschreiben\" name=\"your-message\"><\/textarea><\/span>\n\t\t<\/p>\n\t<\/div>\n\t<div class=\"input-filled col-lg-6 col-md-6\">\n\t\t<p><label>Lebenslauf anh\u00e4ngen<\/label><span class=\"wpcf7-form-control-wrap\" data-name=\"zivotopis\"><input size=\"40\" class=\"wpcf7-form-control wpcf7-file\" accept=\"audio\/*,video\/*,image\/*\" aria-invalid=\"false\" type=\"file\" name=\"zivotopis\" \/><\/span>\n\t\t<\/p>\n\t<\/div>\n<\/div>\n<div class=\"row\">\n\t<div class=\"input-filled col-12\">\n\t\t<p><label>Bewerbung<\/label><span class=\"wpcf7-form-control-wrap\" data-name=\"vasa-molba\"><textarea cols=\"40\" rows=\"10\" maxlength=\"2000\" class=\"wpcf7-form-control wpcf7-textarea\" aria-invalid=\"false\" placeholder=\"Text eintragen\" name=\"vasa-molba\"><\/textarea><\/span>\n\t\t<\/p>\n\t<\/div>\n\t<div class=\"input-filled col-12\">\n\t\t<p><button type=\"submit\" class=\"wpcf7-submit btn btn-block\"><i class=\"fac fac-arrow-circle-right space-right\"><\/i>Senden<\/button>\n\t\t<\/p>\n\t<\/div>\n<\/div>\n<p style=\"padding-top:10px;\">* Mit dem Ausf\u00fcllen des Formulars akzeptieren Sie die Verarbeitung Ihrer personenbezogenen Daten von dem Unternehmen Partner Za\u0161tita GmbH.\n<\/p>\n<p style=\"padding-top:10px;\">* Ihre pers\u00f6nlichen Daten werden nicht an Dritte Partei weitergegeben und werden nur f\u00fcr gesch\u00e4ftliche Kommunikationszwecke verwendet.\n<\/p>\n<p style=\"padding-top:10px;\">* Daten werden vertraulich behandelt und gem\u00e4\u00df der Allgemeinen Datenschutzverordnung behandelt.\n<\/p><div class=\"wpcf7-response-output\" aria-hidden=\"true\"><\/div>\n<\/form>\n<\/div>\n            <\/div>\r\n        <\/div>\r\n            <\/div>\r\n\t\t\t\t<\/div>\n\t\t\t\t<\/div>\n\t\t            <\/div>\n        <\/div>\n                    <\/div>\n        <\/section>\n        \t\t<\/div>\n\t\t","protected":false},"excerpt":{"rendered":"<p>Sei Mitglied unseres Teams! Wir suchen Sicherheitsw\u00e4chter Vorname und Familienname (obligatorisch) Adresse Stadt Telefon \/ Mobiltelefonnummer Email-Adresse (obligatorisch) Beruf Berufsabschluss Sicherheitsw\u00e4chterlizenzJaNein W\u00e4rterlizenzJaNein FeuerwehrmannabschlussJaNein FremdsprachenkenntnisseAktivPassiv Bisherige Berufserfahrung Lebenslauf anh\u00e4ngen Bewerbung Senden * Mit dem Ausf\u00fcllen des Formulars akzeptieren Sie die Verarbeitung Ihrer personenbezogenen Daten von dem Unternehmen Partner Za\u0161tita GmbH. * Ihre pers\u00f6nlichen Daten werden nicht [&hellip;]<\/p>\n","protected":false},"author":2,"featured_media":0,"parent":0,"menu_order":0,"comment_status":"closed","ping_status":"closed","template":"","meta":{"footnotes":""},"class_list":["post-6547","page","type-page","status-publish","hentry"],"yoast_head":"<!-- This site is optimized with the Yoast SEO plugin v27.2 - https:\/\/yoast.com\/product\/yoast-seo-wordpress\/ -->\n<title>Schutzpersonal Berufe | Jobangebot<\/title>\n<meta name=\"description\" content=\"Sind Sie bereit f\u00fcr eine neue gesch\u00e4ftliche Herausforderung? Werden Sie zum Mitglied unseres Teams! Werden Sie Sicherheitsw\u00e4chter und helfen Sie anderen. Siehe unser Jobangebot f\u00fcr Sicherheitspersonal in Partner Za\u0161tita\" \/>\n<meta name=\"robots\" content=\"index, follow, max-snippet:-1, max-image-preview:large, max-video-preview:-1\" \/>\n<link rel=\"canonical\" href=\"https:\/\/partner-zastita.hr\/de\/anstellung\/\" \/>\n<meta property=\"og:locale\" content=\"de_DE\" \/>\n<meta property=\"og:type\" content=\"article\" \/>\n<meta property=\"og:title\" content=\"Schutzpersonal Berufe | Jobangebot\" \/>\n<meta property=\"og:description\" content=\"Sind Sie bereit f\u00fcr eine neue gesch\u00e4ftliche Herausforderung? Werden Sie zum Mitglied unseres Teams! Werden Sie Sicherheitsw\u00e4chter und helfen Sie anderen. Siehe unser Jobangebot f\u00fcr Sicherheitspersonal in Partner Za\u0161tita\" \/>\n<meta property=\"og:url\" content=\"https:\/\/partner-zastita.hr\/de\/anstellung\/\" \/>\n<meta property=\"og:site_name\" content=\"Partner Za&scaron;tita\" \/>\n<meta property=\"article:modified_time\" content=\"2021-04-19T15:28:19+00:00\" \/>\n<meta name=\"twitter:card\" content=\"summary_large_image\" \/>\n<script type=\"application\/ld+json\" class=\"yoast-schema-graph\">{\"@context\":\"https:\/\/schema.org\",\"@graph\":[{\"@type\":\"WebPage\",\"@id\":\"https:\/\/partner-zastita.hr\/de\/anstellung\/\",\"url\":\"https:\/\/partner-zastita.hr\/de\/anstellung\/\",\"name\":\"Schutzpersonal Berufe | Jobangebot\",\"isPartOf\":{\"@id\":\"https:\/\/partner-zastita.hr\/de\/#website\"},\"datePublished\":\"2021-04-14T14:30:32+00:00\",\"dateModified\":\"2021-04-19T15:28:19+00:00\",\"description\":\"Sind Sie bereit f\u00fcr eine neue gesch\u00e4ftliche Herausforderung? Werden Sie zum Mitglied unseres Teams! Werden Sie Sicherheitsw\u00e4chter und helfen Sie anderen. Siehe unser Jobangebot f\u00fcr Sicherheitspersonal in Partner Za\u0161tita\",\"breadcrumb\":{\"@id\":\"https:\/\/partner-zastita.hr\/de\/anstellung\/#breadcrumb\"},\"inLanguage\":\"de\",\"potentialAction\":[{\"@type\":\"ReadAction\",\"target\":[\"https:\/\/partner-zastita.hr\/de\/anstellung\/\"]}]},{\"@type\":\"BreadcrumbList\",\"@id\":\"https:\/\/partner-zastita.hr\/de\/anstellung\/#breadcrumb\",\"itemListElement\":[{\"@type\":\"ListItem\",\"position\":1,\"name\":\"Home\",\"item\":\"https:\/\/partner-zastita.hr\/de\/\"},{\"@type\":\"ListItem\",\"position\":2,\"name\":\"Anstellung\"}]},{\"@type\":\"WebSite\",\"@id\":\"https:\/\/partner-zastita.hr\/de\/#website\",\"url\":\"https:\/\/partner-zastita.hr\/de\/\",\"name\":\"Partner Za&scaron;tita\",\"description\":\"Partner Za&scaron;tita\",\"publisher\":{\"@id\":\"https:\/\/partner-zastita.hr\/de\/#organization\"},\"potentialAction\":[{\"@type\":\"SearchAction\",\"target\":{\"@type\":\"EntryPoint\",\"urlTemplate\":\"https:\/\/partner-zastita.hr\/de\/?s={search_term_string}\"},\"query-input\":{\"@type\":\"PropertyValueSpecification\",\"valueRequired\":true,\"valueName\":\"search_term_string\"}}],\"inLanguage\":\"de\"},{\"@type\":\"Organization\",\"@id\":\"https:\/\/partner-zastita.hr\/de\/#organization\",\"name\":\"Partner Za\u0161tita\",\"url\":\"https:\/\/partner-zastita.hr\/de\/\",\"logo\":{\"@type\":\"ImageObject\",\"inLanguage\":\"de\",\"@id\":\"https:\/\/partner-zastita.hr\/de\/#\/schema\/logo\/image\/\",\"url\":\"https:\/\/partner-zastita.hr\/wp-content\/uploads\/2021\/03\/partner-zastita-logo-1.png\",\"contentUrl\":\"https:\/\/partner-zastita.hr\/wp-content\/uploads\/2021\/03\/partner-zastita-logo-1.png\",\"width\":250,\"height\":63,\"caption\":\"Partner Za\u0161tita\"},\"image\":{\"@id\":\"https:\/\/partner-zastita.hr\/de\/#\/schema\/logo\/image\/\"}}]}<\/script>\n<!-- \/ Yoast SEO plugin. -->","yoast_head_json":{"title":"Schutzpersonal Berufe | Jobangebot","description":"Sind Sie bereit f\u00fcr eine neue gesch\u00e4ftliche Herausforderung? Werden Sie zum Mitglied unseres Teams! Werden Sie Sicherheitsw\u00e4chter und helfen Sie anderen. Siehe unser Jobangebot f\u00fcr Sicherheitspersonal in Partner Za\u0161tita","robots":{"index":"index","follow":"follow","max-snippet":"max-snippet:-1","max-image-preview":"max-image-preview:large","max-video-preview":"max-video-preview:-1"},"canonical":"https:\/\/partner-zastita.hr\/de\/anstellung\/","og_locale":"de_DE","og_type":"article","og_title":"Schutzpersonal Berufe | Jobangebot","og_description":"Sind Sie bereit f\u00fcr eine neue gesch\u00e4ftliche Herausforderung? Werden Sie zum Mitglied unseres Teams! Werden Sie Sicherheitsw\u00e4chter und helfen Sie anderen. Siehe unser Jobangebot f\u00fcr Sicherheitspersonal in Partner Za\u0161tita","og_url":"https:\/\/partner-zastita.hr\/de\/anstellung\/","og_site_name":"Partner Za&scaron;tita","article_modified_time":"2021-04-19T15:28:19+00:00","twitter_card":"summary_large_image","schema":{"@context":"https:\/\/schema.org","@graph":[{"@type":"WebPage","@id":"https:\/\/partner-zastita.hr\/de\/anstellung\/","url":"https:\/\/partner-zastita.hr\/de\/anstellung\/","name":"Schutzpersonal Berufe | Jobangebot","isPartOf":{"@id":"https:\/\/partner-zastita.hr\/de\/#website"},"datePublished":"2021-04-14T14:30:32+00:00","dateModified":"2021-04-19T15:28:19+00:00","description":"Sind Sie bereit f\u00fcr eine neue gesch\u00e4ftliche Herausforderung? Werden Sie zum Mitglied unseres Teams! Werden Sie Sicherheitsw\u00e4chter und helfen Sie anderen. Siehe unser Jobangebot f\u00fcr Sicherheitspersonal in Partner Za\u0161tita","breadcrumb":{"@id":"https:\/\/partner-zastita.hr\/de\/anstellung\/#breadcrumb"},"inLanguage":"de","potentialAction":[{"@type":"ReadAction","target":["https:\/\/partner-zastita.hr\/de\/anstellung\/"]}]},{"@type":"BreadcrumbList","@id":"https:\/\/partner-zastita.hr\/de\/anstellung\/#breadcrumb","itemListElement":[{"@type":"ListItem","position":1,"name":"Home","item":"https:\/\/partner-zastita.hr\/de\/"},{"@type":"ListItem","position":2,"name":"Anstellung"}]},{"@type":"WebSite","@id":"https:\/\/partner-zastita.hr\/de\/#website","url":"https:\/\/partner-zastita.hr\/de\/","name":"Partner Za&scaron;tita","description":"Partner Za&scaron;tita","publisher":{"@id":"https:\/\/partner-zastita.hr\/de\/#organization"},"potentialAction":[{"@type":"SearchAction","target":{"@type":"EntryPoint","urlTemplate":"https:\/\/partner-zastita.hr\/de\/?s={search_term_string}"},"query-input":{"@type":"PropertyValueSpecification","valueRequired":true,"valueName":"search_term_string"}}],"inLanguage":"de"},{"@type":"Organization","@id":"https:\/\/partner-zastita.hr\/de\/#organization","name":"Partner Za\u0161tita","url":"https:\/\/partner-zastita.hr\/de\/","logo":{"@type":"ImageObject","inLanguage":"de","@id":"https:\/\/partner-zastita.hr\/de\/#\/schema\/logo\/image\/","url":"https:\/\/partner-zastita.hr\/wp-content\/uploads\/2021\/03\/partner-zastita-logo-1.png","contentUrl":"https:\/\/partner-zastita.hr\/wp-content\/uploads\/2021\/03\/partner-zastita-logo-1.png","width":250,"height":63,"caption":"Partner Za\u0161tita"},"image":{"@id":"https:\/\/partner-zastita.hr\/de\/#\/schema\/logo\/image\/"}}]}},"_links":{"self":[{"href":"https:\/\/partner-zastita.hr\/de\/wp-json\/wp\/v2\/pages\/6547","targetHints":{"allow":["GET"]}}],"collection":[{"href":"https:\/\/partner-zastita.hr\/de\/wp-json\/wp\/v2\/pages"}],"about":[{"href":"https:\/\/partner-zastita.hr\/de\/wp-json\/wp\/v2\/types\/page"}],"author":[{"embeddable":true,"href":"https:\/\/partner-zastita.hr\/de\/wp-json\/wp\/v2\/users\/2"}],"replies":[{"embeddable":true,"href":"https:\/\/partner-zastita.hr\/de\/wp-json\/wp\/v2\/comments?post=6547"}],"version-history":[{"count":9,"href":"https:\/\/partner-zastita.hr\/de\/wp-json\/wp\/v2\/pages\/6547\/revisions"}],"predecessor-version":[{"id":6951,"href":"https:\/\/partner-zastita.hr\/de\/wp-json\/wp\/v2\/pages\/6547\/revisions\/6951"}],"wp:attachment":[{"href":"https:\/\/partner-zastita.hr\/de\/wp-json\/wp\/v2\/media?parent=6547"}],"curies":[{"name":"wp","href":"https:\/\/api.w.org\/{rel}","templated":true}]}}