{"id":6262,"date":"2021-04-14T13:27:33","date_gmt":"2021-04-14T11:27:33","guid":{"rendered":"https:\/\/partner-zastita.hr\/kontakt\/"},"modified":"2026-02-20T14:11:18","modified_gmt":"2026-02-20T13:11:18","slug":"kontakt","status":"publish","type":"page","link":"https:\/\/partner-zastita.hr\/de\/kontakt\/","title":{"rendered":"Kontakt"},"content":{"rendered":"\t\t<div data-elementor-type=\"wp-page\" data-elementor-id=\"6262\" class=\"elementor elementor-6262 elementor-3512\">\n\t\t\t\t\r\n        <section class=\"elementor-section elementor-top-section elementor-element elementor-element-35ebeef elementor-section-stretched elementor-section-boxed elementor-section-height-default elementor-section-height-default ct-header-fixed-none ct-row-max-none\" data-id=\"35ebeef\" data-element_type=\"section\" data-e-type=\"section\" data-settings=\"{&quot;stretch_section&quot;:&quot;section-stretched&quot;,&quot;background_background&quot;:&quot;classic&quot;}\">\n            \n                        <div class=\"elementor-container elementor-column-gap-extended \">\n                    <div class=\"elementor-column elementor-col-50 elementor-top-column elementor-element elementor-element-8c27832\" data-id=\"8c27832\" data-element_type=\"column\" data-e-type=\"column\">\n        <div class=\"elementor-widget-wrap elementor-element-populated\">\n                    \n        \t\t<div class=\"elementor-element elementor-element-b5f7aa2 elementor-widget elementor-widget-ct_heading\" data-id=\"b5f7aa2\" data-element_type=\"widget\" data-e-type=\"widget\" data-widget_type=\"ct_heading.default\">\n\t\t\t\t<div class=\"elementor-widget-container\">\n\t\t\t\t\t<div id=\"ct_heading-b5f7aa2\" class=\"ct-heading h-align- sub-style1 ct-heading-left item-st-default\">\r\n    <div class=\"ct-item--inner\">\r\n        <div class=\"ct-inline-css\" data-css=\"\r\n            \">\r\n        <\/div>\r\n                    <div class=\"item--sub-title style1 show-line\">\r\n                                                                KONTAKT                                                                            <\/div>\r\n                <h3 class=\"item--title st-default case-animate-time\" data-wow-delay=\"ms\">\r\n                        <span class=\"sp-main\">\r\n                \r\n                Kontaktieren Sie uns mit <b>Vertrauen!<\/b>\r\n                \r\n                            <\/span>\r\n                    <\/h3>\r\n    <\/div>\r\n<\/div>\t\t\t\t<\/div>\n\t\t\t\t<\/div>\n\t\t\t\t<div class=\"elementor-element elementor-element-0126533 elementor-widget elementor-widget-ct_fancy_box\" data-id=\"0126533\" data-element_type=\"widget\" data-e-type=\"widget\" data-widget_type=\"ct_fancy_box.default\">\n\t\t\t\t<div class=\"elementor-widget-container\">\n\t\t\t\t\t<div class=\"ct-fancy-box ct-fancy-box-layout1 style7 \" data-wow-delay=\"ms\">\r\n            <div class=\"item--icon\">\r\n            <span class=\"item--shape\"><\/span>\r\n            <i aria-hidden=\"true\" class=\"fas fa-map-marker-alt\"><\/i>                            <a class=\"item--link\" href=\"#\"><\/a>\r\n                    <\/div>\r\n            <div class=\"item--holder\">\r\n                    <h3 class=\"item--title\">\r\n                Firmensitz:            <\/h3>\r\n                <div class=\"item--description\">Ulica I. Pile 1<\/br>\nHR - 10 000 Zagreb<\/div>\r\n    <\/div>\r\n<\/div>\t\t\t\t<\/div>\n\t\t\t\t<\/div>\n\t\t\t\t<div class=\"elementor-element elementor-element-5fc35b57 elementor-widget elementor-widget-ct_fancy_box\" data-id=\"5fc35b57\" data-element_type=\"widget\" data-e-type=\"widget\" data-widget_type=\"ct_fancy_box.default\">\n\t\t\t\t<div class=\"elementor-widget-container\">\n\t\t\t\t\t<div class=\"ct-fancy-box ct-fancy-box-layout1 style7 \" data-wow-delay=\"ms\">\r\n            <div class=\"item--icon\">\r\n            <span class=\"item--shape\"><\/span>\r\n            <i aria-hidden=\"true\" class=\"fas fa-envelope\"><\/i>                            <a class=\"item--link\" href=\"#\"><\/a>\r\n                    <\/div>\r\n            <div class=\"item--holder\">\r\n                    <h3 class=\"item--title\">\r\n                Email:            <\/h3>\r\n                <div class=\"item--description\">info@partner-zastita.hr<\/div>\r\n    <\/div>\r\n<\/div>\t\t\t\t<\/div>\n\t\t\t\t<\/div>\n\t\t\t\t<div class=\"elementor-element elementor-element-7087f74b elementor-widget elementor-widget-ct_fancy_box\" data-id=\"7087f74b\" data-element_type=\"widget\" data-e-type=\"widget\" data-widget_type=\"ct_fancy_box.default\">\n\t\t\t\t<div class=\"elementor-widget-container\">\n\t\t\t\t\t<div class=\"ct-fancy-box ct-fancy-box-layout1 style7 \" data-wow-delay=\"ms\">\r\n            <div class=\"item--icon\">\r\n            <span class=\"item--shape\"><\/span>\r\n            <i aria-hidden=\"true\" class=\"fas fa-phone-alt\"><\/i>                            <a class=\"item--link\" href=\"#\"><\/a>\r\n                    <\/div>\r\n            <div class=\"item--holder\">\r\n                    <h3 class=\"item--title\">\r\n                Telefonnummer:            <\/h3>\r\n                <div class=\"item--description\">+385 1 20 36 111<\/div>\r\n    <\/div>\r\n<\/div>\t\t\t\t<\/div>\n\t\t\t\t<\/div>\n\t\t\t\t<div class=\"elementor-element elementor-element-0a2cbc9 elementor-widget elementor-widget-ct_text_editor\" data-id=\"0a2cbc9\" data-element_type=\"widget\" data-e-type=\"widget\" data-widget_type=\"ct_text_editor.default\">\n\t\t\t\t<div class=\"elementor-widget-container\">\n\t\t\t\t\t<div id=\"ct_text_editor-0a2cbc9\" class=\"ct-text-editor \" data-wow-delay=\"ms\">\n\t<div class=\"ct-item--inner\">\n\t\t<div class=\"ct-inline-css\"  data-css=\"\n\t        \t\t\t\">\n\n\t    <\/div>\n\t\t<div class=\"ct-text-editor elementor-clearfix\">\n\t\t\t<p><strong>OIB (Identifikationsnummer):<\/strong>\u00a0 74703557839<br \/><strong>IBAN: <\/strong>HR4024080021100034122<br \/><strong>SWIFT:<\/strong> PAZGHR2X<\/p>\t\t\n\t\t<\/div>\n\t<\/div>\n<\/div>\t\t\t\t<\/div>\n\t\t\t\t<\/div>\n\t\t            <\/div>\n        <\/div>\n                <div class=\"elementor-column elementor-col-50 elementor-top-column elementor-element elementor-element-dfda162\" data-id=\"dfda162\" data-element_type=\"column\" data-e-type=\"column\">\n        <div class=\"elementor-widget-wrap elementor-element-populated\">\n                    \n        \t\t<div class=\"elementor-element elementor-element-71ce2c6 elementor-widget elementor-widget-ct_heading\" data-id=\"71ce2c6\" data-element_type=\"widget\" data-e-type=\"widget\" data-widget_type=\"ct_heading.default\">\n\t\t\t\t<div class=\"elementor-widget-container\">\n\t\t\t\t\t<div id=\"ct_heading-71ce2c6\" class=\"ct-heading h-align- sub-style1 ct-heading-left item-st-default\">\r\n    <div class=\"ct-item--inner\">\r\n        <div class=\"ct-inline-css\" data-css=\"\r\n            \">\r\n        <\/div>\r\n                    <div class=\"item--sub-title style1 show-line\">\r\n                                                                FORMULAR AUSF\u00dcLLEN                                                                            <\/div>\r\n                <h3 class=\"item--title st-default case-animate-time\" data-wow-delay=\"ms\">\r\n                        <span class=\"sp-main\">\r\n                \r\n                Haben <b>Sie Fragen<\/b> oder brauchen <b>Sie Hilfe?<\/b>\r\n                \r\n                            <\/span>\r\n                    <\/h3>\r\n    <\/div>\r\n<\/div>\t\t\t\t<\/div>\n\t\t\t\t<\/div>\n\t\t\t\t<div class=\"elementor-element elementor-element-7ec43f27 elementor-widget elementor-widget-ct_ctf7\" data-id=\"7ec43f27\" data-element_type=\"widget\" data-e-type=\"widget\" data-widget_type=\"ct_ctf7.default\">\n\t\t\t\t<div class=\"elementor-widget-container\">\n\t\t\t\t\t    <div class=\"ct-contact-form-layout1 style1 \">\r\n                <div class=\"ct-contact-form-inner\">\r\n        \t            <div class=\"ct-contact-form\">\r\n                \n<div class=\"wpcf7 no-js\" id=\"wpcf7-f6776-o1\" lang=\"en-US\" dir=\"ltr\" data-wpcf7-id=\"6776\">\n<div class=\"screen-reader-response\"><p role=\"status\" aria-live=\"polite\" aria-atomic=\"true\"><\/p> <ul><\/ul><\/div>\n<form action=\"\/de\/wp-json\/wp\/v2\/pages\/6262#wpcf7-f6776-o1\" method=\"post\" class=\"wpcf7-form init\" aria-label=\"Contact form\" novalidate=\"novalidate\" data-status=\"init\">\n<fieldset class=\"hidden-fields-container\"><input type=\"hidden\" name=\"_wpcf7\" value=\"6776\" \/><input type=\"hidden\" name=\"_wpcf7_version\" value=\"6.1.5\" \/><input type=\"hidden\" name=\"_wpcf7_locale\" value=\"en_US\" \/><input type=\"hidden\" name=\"_wpcf7_unit_tag\" value=\"wpcf7-f6776-o1\" \/><input type=\"hidden\" name=\"_wpcf7_container_post\" value=\"0\" \/><input type=\"hidden\" name=\"_wpcf7_posted_data_hash\" value=\"\" \/>\n<\/fieldset>\n<div class=\"row\">\n\t<div class=\"input-filled col-lg-6 col-md-6\">\n\t\t<p><span class=\"wpcf7-form-control-wrap\" data-name=\"first-name\"><input size=\"40\" maxlength=\"400\" class=\"wpcf7-form-control wpcf7-text wpcf7-validates-as-required\" aria-required=\"true\" aria-invalid=\"false\" placeholder=\"Name und Familienname *\" value=\"\" type=\"text\" name=\"first-name\" \/><\/span>\n\t\t<\/p>\n\t<\/div>\n\t<div class=\"input-filled col-lg-6 col-md-6\">\n\t\t<p><span class=\"wpcf7-form-control-wrap\" data-name=\"your-email\"><input size=\"40\" maxlength=\"400\" class=\"wpcf7-form-control wpcf7-email wpcf7-validates-as-required wpcf7-text wpcf7-validates-as-email\" aria-required=\"true\" aria-invalid=\"false\" placeholder=\"Email-Adresse *\" value=\"\" type=\"email\" name=\"your-email\" \/><\/span>\n\t\t<\/p>\n\t<\/div>\n<\/div>\n<div class=\"row\">\n\t<div class=\"input-filled col-lg-6 col-md-6\">\n\t\t<p><span class=\"wpcf7-form-control-wrap\" data-name=\"your-phone\"><input class=\"wpcf7-form-control wpcf7-number wpcf7-validates-as-required wpcf7-validates-as-number\" aria-required=\"true\" aria-invalid=\"false\" placeholder=\"Telefonnummer *\" value=\"\" type=\"number\" name=\"your-phone\" \/><\/span>\n\t\t<\/p>\n\t<\/div>\n\t<div class=\"input-filled col-lg-6 col-md-6\">\n\t\t<p><span class=\"wpcf7-form-control-wrap\" data-name=\"tvrtka\"><input size=\"40\" maxlength=\"400\" class=\"wpcf7-form-control wpcf7-text wpcf7-validates-as-required\" aria-required=\"true\" aria-invalid=\"false\" placeholder=\"Firma \/ Organisation *\" value=\"\" type=\"text\" name=\"tvrtka\" \/><\/span>\n\t\t<\/p>\n\t<\/div>\n<\/div>\n<div class=\"row\">\n\t<div class=\"input-filled col-12\">\n\t\t<p><span class=\"wpcf7-form-control-wrap\" data-name=\"your-message\"><textarea cols=\"40\" rows=\"10\" maxlength=\"2000\" class=\"wpcf7-form-control wpcf7-textarea wpcf7-validates-as-required\" aria-required=\"true\" aria-invalid=\"false\" placeholder=\"Nachricht lassen...\" name=\"your-message\"><\/textarea><\/span>\n\t\t<\/p>\n\t<\/div>\n\t<div class=\"input-filled col-12\">\n\t\t<p><button type=\"submit\" class=\"wpcf7-submit btn btn-block\"><i class=\"fac fac-arrow-circle-right space-right\"><\/i>Anfrage senden<\/button>\n\t\t<\/p>\n\t<\/div>\n<\/div><div class=\"wpcf7-response-output\" aria-hidden=\"true\"><\/div>\n<\/form>\n<\/div>\n            <\/div>\r\n        <\/div>\r\n            <\/div>\r\n\t\t\t\t<\/div>\n\t\t\t\t<\/div>\n\t\t            <\/div>\n        <\/div>\n                    <\/div>\n        <\/section>\n                <section class=\"elementor-section elementor-top-section elementor-element elementor-element-ddb3760 elementor-section-full_width elementor-section-stretched elementor-section-height-default elementor-section-height-default ct-header-fixed-none ct-row-max-none\" data-id=\"ddb3760\" data-element_type=\"section\" data-e-type=\"section\" data-settings=\"{&quot;stretch_section&quot;:&quot;section-stretched&quot;}\">\n            \n                        <div class=\"elementor-container elementor-column-gap-default \">\n                    <div class=\"elementor-column elementor-col-100 elementor-top-column elementor-element elementor-element-5b7280a\" data-id=\"5b7280a\" data-element_type=\"column\" data-e-type=\"column\">\n        <div class=\"elementor-widget-wrap elementor-element-populated\">\n                    \n        \t\t<div class=\"elementor-element elementor-element-08fe071 elementor-widget elementor-widget-google_maps\" data-id=\"08fe071\" data-element_type=\"widget\" data-e-type=\"widget\" data-widget_type=\"google_maps.default\">\n\t\t\t\t<div class=\"elementor-widget-container\">\n\t\t\t\t\t\t\t<div class=\"elementor-custom-embed\">\n\t\t\t<iframe loading=\"lazy\"\n\t\t\t\t\tsrc=\"https:\/\/maps.google.com\/maps?q=Ulica%20I.%20Pile%201%2C%2010000%2C%20Zagreb%2C%20Croatia&#038;t=m&#038;z=15&#038;output=embed&#038;iwloc=near\"\n\t\t\t\t\ttitle=\"Ulica I. Pile 1, 10000, Zagreb, Croatia\"\n\t\t\t\t\taria-label=\"Ulica I. Pile 1, 10000, Zagreb, Croatia\"\n\t\t\t><\/iframe>\n\t\t<\/div>\n\t\t\t\t\t\t<\/div>\n\t\t\t\t<\/div>\n\t\t            <\/div>\n        <\/div>\n                    <\/div>\n        <\/section>\n        \t\t<\/div>\n\t\t","protected":false},"excerpt":{"rendered":"<p>KONTAKT Kontaktieren Sie uns mit Vertrauen! Firmensitz: Ulica I. Pile 1 HR &#8211; 10 000 Zagreb Email: info@partner-zastita.hr Telefonnummer: +385 1 20 36 111 OIB (Identifikationsnummer):\u00a0 74703557839IBAN: HR4024080021100034122SWIFT: PAZGHR2X FORMULAR AUSF\u00dcLLEN Haben Sie Fragen oder brauchen Sie Hilfe? Anfrage senden<\/p>\n","protected":false},"author":2,"featured_media":0,"parent":0,"menu_order":0,"comment_status":"closed","ping_status":"closed","template":"","meta":{"footnotes":""},"class_list":["post-6262","page","type-page","status-publish","hentry"],"yoast_head":"<!-- This site is optimized with the Yoast SEO plugin v27.2 - https:\/\/yoast.com\/product\/yoast-seo-wordpress\/ -->\n<title>Gr\u00f6\u00dfere Sicherheit heute: Rufen Sie uns an<\/title>\n<meta name=\"description\" content=\"Partner Za\u0161tita bietet verschiedene Schutz- und Sicherheitsdienstleistungen, die beste L\u00f6sung f\u00fcr Ihre Sicherheitsbed\u00fcrfnisse. Wenden Sie sich an uns mit Vertrauen!\" \/>\n<meta name=\"robots\" content=\"index, follow, max-snippet:-1, max-image-preview:large, max-video-preview:-1\" \/>\n<link rel=\"canonical\" href=\"https:\/\/partner-zastita.hr\/de\/kontakt\/\" \/>\n<meta property=\"og:locale\" content=\"de_DE\" \/>\n<meta property=\"og:type\" content=\"article\" \/>\n<meta property=\"og:title\" content=\"Gr\u00f6\u00dfere Sicherheit heute: Rufen Sie uns an\" \/>\n<meta property=\"og:description\" content=\"Partner Za\u0161tita bietet verschiedene Schutz- und Sicherheitsdienstleistungen, die beste L\u00f6sung f\u00fcr Ihre Sicherheitsbed\u00fcrfnisse. Wenden Sie sich an uns mit Vertrauen!\" \/>\n<meta property=\"og:url\" content=\"https:\/\/partner-zastita.hr\/de\/kontakt\/\" \/>\n<meta property=\"og:site_name\" content=\"Partner Za&scaron;tita\" \/>\n<meta property=\"article:modified_time\" content=\"2026-02-20T13:11:18+00:00\" \/>\n<meta name=\"twitter:card\" content=\"summary_large_image\" \/>\n<script type=\"application\/ld+json\" class=\"yoast-schema-graph\">{\"@context\":\"https:\/\/schema.org\",\"@graph\":[{\"@type\":\"WebPage\",\"@id\":\"https:\/\/partner-zastita.hr\/de\/kontakt\/\",\"url\":\"https:\/\/partner-zastita.hr\/de\/kontakt\/\",\"name\":\"Gr\u00f6\u00dfere Sicherheit heute: Rufen Sie uns an\",\"isPartOf\":{\"@id\":\"https:\/\/partner-zastita.hr\/de\/#website\"},\"datePublished\":\"2021-04-14T11:27:33+00:00\",\"dateModified\":\"2026-02-20T13:11:18+00:00\",\"description\":\"Partner Za\u0161tita bietet verschiedene Schutz- und Sicherheitsdienstleistungen, die beste L\u00f6sung f\u00fcr Ihre Sicherheitsbed\u00fcrfnisse. Wenden Sie sich an uns mit Vertrauen!\",\"breadcrumb\":{\"@id\":\"https:\/\/partner-zastita.hr\/de\/kontakt\/#breadcrumb\"},\"inLanguage\":\"de\",\"potentialAction\":[{\"@type\":\"ReadAction\",\"target\":[\"https:\/\/partner-zastita.hr\/de\/kontakt\/\"]}]},{\"@type\":\"BreadcrumbList\",\"@id\":\"https:\/\/partner-zastita.hr\/de\/kontakt\/#breadcrumb\",\"itemListElement\":[{\"@type\":\"ListItem\",\"position\":1,\"name\":\"Home\",\"item\":\"https:\/\/partner-zastita.hr\/de\/\"},{\"@type\":\"ListItem\",\"position\":2,\"name\":\"Kontakt\"}]},{\"@type\":\"WebSite\",\"@id\":\"https:\/\/partner-zastita.hr\/de\/#website\",\"url\":\"https:\/\/partner-zastita.hr\/de\/\",\"name\":\"Partner Za&scaron;tita\",\"description\":\"Partner Za&scaron;tita\",\"publisher\":{\"@id\":\"https:\/\/partner-zastita.hr\/de\/#organization\"},\"potentialAction\":[{\"@type\":\"SearchAction\",\"target\":{\"@type\":\"EntryPoint\",\"urlTemplate\":\"https:\/\/partner-zastita.hr\/de\/?s={search_term_string}\"},\"query-input\":{\"@type\":\"PropertyValueSpecification\",\"valueRequired\":true,\"valueName\":\"search_term_string\"}}],\"inLanguage\":\"de\"},{\"@type\":\"Organization\",\"@id\":\"https:\/\/partner-zastita.hr\/de\/#organization\",\"name\":\"Partner Za\u0161tita\",\"url\":\"https:\/\/partner-zastita.hr\/de\/\",\"logo\":{\"@type\":\"ImageObject\",\"inLanguage\":\"de\",\"@id\":\"https:\/\/partner-zastita.hr\/de\/#\/schema\/logo\/image\/\",\"url\":\"https:\/\/partner-zastita.hr\/wp-content\/uploads\/2021\/03\/partner-zastita-logo-1.png\",\"contentUrl\":\"https:\/\/partner-zastita.hr\/wp-content\/uploads\/2021\/03\/partner-zastita-logo-1.png\",\"width\":250,\"height\":63,\"caption\":\"Partner Za\u0161tita\"},\"image\":{\"@id\":\"https:\/\/partner-zastita.hr\/de\/#\/schema\/logo\/image\/\"}}]}<\/script>\n<!-- \/ Yoast SEO plugin. -->","yoast_head_json":{"title":"Gr\u00f6\u00dfere Sicherheit heute: Rufen Sie uns an","description":"Partner Za\u0161tita bietet verschiedene Schutz- und Sicherheitsdienstleistungen, die beste L\u00f6sung f\u00fcr Ihre Sicherheitsbed\u00fcrfnisse. Wenden Sie sich an uns mit Vertrauen!","robots":{"index":"index","follow":"follow","max-snippet":"max-snippet:-1","max-image-preview":"max-image-preview:large","max-video-preview":"max-video-preview:-1"},"canonical":"https:\/\/partner-zastita.hr\/de\/kontakt\/","og_locale":"de_DE","og_type":"article","og_title":"Gr\u00f6\u00dfere Sicherheit heute: Rufen Sie uns an","og_description":"Partner Za\u0161tita bietet verschiedene Schutz- und Sicherheitsdienstleistungen, die beste L\u00f6sung f\u00fcr Ihre Sicherheitsbed\u00fcrfnisse. Wenden Sie sich an uns mit Vertrauen!","og_url":"https:\/\/partner-zastita.hr\/de\/kontakt\/","og_site_name":"Partner Za&scaron;tita","article_modified_time":"2026-02-20T13:11:18+00:00","twitter_card":"summary_large_image","schema":{"@context":"https:\/\/schema.org","@graph":[{"@type":"WebPage","@id":"https:\/\/partner-zastita.hr\/de\/kontakt\/","url":"https:\/\/partner-zastita.hr\/de\/kontakt\/","name":"Gr\u00f6\u00dfere Sicherheit heute: Rufen Sie uns an","isPartOf":{"@id":"https:\/\/partner-zastita.hr\/de\/#website"},"datePublished":"2021-04-14T11:27:33+00:00","dateModified":"2026-02-20T13:11:18+00:00","description":"Partner Za\u0161tita bietet verschiedene Schutz- und Sicherheitsdienstleistungen, die beste L\u00f6sung f\u00fcr Ihre Sicherheitsbed\u00fcrfnisse. Wenden Sie sich an uns mit Vertrauen!","breadcrumb":{"@id":"https:\/\/partner-zastita.hr\/de\/kontakt\/#breadcrumb"},"inLanguage":"de","potentialAction":[{"@type":"ReadAction","target":["https:\/\/partner-zastita.hr\/de\/kontakt\/"]}]},{"@type":"BreadcrumbList","@id":"https:\/\/partner-zastita.hr\/de\/kontakt\/#breadcrumb","itemListElement":[{"@type":"ListItem","position":1,"name":"Home","item":"https:\/\/partner-zastita.hr\/de\/"},{"@type":"ListItem","position":2,"name":"Kontakt"}]},{"@type":"WebSite","@id":"https:\/\/partner-zastita.hr\/de\/#website","url":"https:\/\/partner-zastita.hr\/de\/","name":"Partner Za&scaron;tita","description":"Partner Za&scaron;tita","publisher":{"@id":"https:\/\/partner-zastita.hr\/de\/#organization"},"potentialAction":[{"@type":"SearchAction","target":{"@type":"EntryPoint","urlTemplate":"https:\/\/partner-zastita.hr\/de\/?s={search_term_string}"},"query-input":{"@type":"PropertyValueSpecification","valueRequired":true,"valueName":"search_term_string"}}],"inLanguage":"de"},{"@type":"Organization","@id":"https:\/\/partner-zastita.hr\/de\/#organization","name":"Partner Za\u0161tita","url":"https:\/\/partner-zastita.hr\/de\/","logo":{"@type":"ImageObject","inLanguage":"de","@id":"https:\/\/partner-zastita.hr\/de\/#\/schema\/logo\/image\/","url":"https:\/\/partner-zastita.hr\/wp-content\/uploads\/2021\/03\/partner-zastita-logo-1.png","contentUrl":"https:\/\/partner-zastita.hr\/wp-content\/uploads\/2021\/03\/partner-zastita-logo-1.png","width":250,"height":63,"caption":"Partner Za\u0161tita"},"image":{"@id":"https:\/\/partner-zastita.hr\/de\/#\/schema\/logo\/image\/"}}]}},"_links":{"self":[{"href":"https:\/\/partner-zastita.hr\/de\/wp-json\/wp\/v2\/pages\/6262","targetHints":{"allow":["GET"]}}],"collection":[{"href":"https:\/\/partner-zastita.hr\/de\/wp-json\/wp\/v2\/pages"}],"about":[{"href":"https:\/\/partner-zastita.hr\/de\/wp-json\/wp\/v2\/types\/page"}],"author":[{"embeddable":true,"href":"https:\/\/partner-zastita.hr\/de\/wp-json\/wp\/v2\/users\/2"}],"replies":[{"embeddable":true,"href":"https:\/\/partner-zastita.hr\/de\/wp-json\/wp\/v2\/comments?post=6262"}],"version-history":[{"count":17,"href":"https:\/\/partner-zastita.hr\/de\/wp-json\/wp\/v2\/pages\/6262\/revisions"}],"predecessor-version":[{"id":7803,"href":"https:\/\/partner-zastita.hr\/de\/wp-json\/wp\/v2\/pages\/6262\/revisions\/7803"}],"wp:attachment":[{"href":"https:\/\/partner-zastita.hr\/de\/wp-json\/wp\/v2\/media?parent=6262"}],"curies":[{"name":"wp","href":"https:\/\/api.w.org\/{rel}","templated":true}]}}